{"id":4357,"date":"2015-10-07T21:38:09","date_gmt":"2015-10-07T21:38:09","guid":{"rendered":"http:\/\/entrepolos.com.br\/?page_id=4357"},"modified":"2022-11-26T11:26:27","modified_gmt":"2022-11-26T14:26:27","slug":"contato","status":"publish","type":"page","link":"https:\/\/foradazonadeconforto.com\/entrepolos\/contato\/","title":{"rendered":"Contato"},"content":{"rendered":"<!--themify_builder_content-->\n<div id=\"themify_builder_content-4357\" data-postid=\"4357\" class=\"themify_builder_content themify_builder_content-4357 themify_builder tf_clear\">\n    \t<!-- module_row -->\n\t<div  data-lazy=\"1\" class=\"module_row themify_builder_row fullcover tb_347f0fc tb_first tf_clearfix\" >\n\t    \t\t<div class=\"row_inner col_align_top col-count-1 tf_box tf_w tf_rel\">\n\t\t\t<div  data-lazy=\"1\" class=\"module_column tb-column col-full first tb_cd51bb4 tf_box\">\n\t\t\t    \t        <div class=\"tb-column-inner tf_box tf_w\">\n\t\t    <!-- module text -->\n<div  class=\"module module-text tb_bf658d1  repeat \" data-lazy=\"1\">\n        <div  class=\"tb_text_wrap\">\n        <\/div>\n<\/div>\n<!-- \/module text -->\t        <\/div>\n\t    \t<\/div>\n\t\t    <\/div>\n\t    <!-- \/row_inner -->\n\t<\/div>\n\t<!-- \/module_row -->\n\t\t<!-- module_row -->\n\t<div  data-lazy=\"1\" class=\"module_row themify_builder_row tb_91bda1a tf_clearfix\" >\n\t    \t\t<div class=\"row_inner col_align_top col-count-2 tf_box tf_w tf_rel\">\n\t\t\t<div  data-lazy=\"1\" class=\"module_column tb-column col4-2 first tb_7e2c661 tf_box\">\n\t\t\t    \t        <div class=\"tb-column-inner tf_box tf_w\">\n\t\t    <!-- module text -->\n<div  class=\"module module-text tb_1f7f81b   \" data-lazy=\"1\">\n        <div  class=\"tb_text_wrap\">\n    <h3><span style=\"color: #000000;\">Alguma ideia, sugest\u00e3o ou d\u00favida?<\/span><\/h3>\n<h3>Escreva para mim.<\/h3>\n<p>[contact-form-7 id=&#8221;9498&#8243; title=&#8221;Novo Form&#8221;]<\/p>    <\/div>\n<\/div>\n<!-- \/module text -->\t        <\/div>\n\t    \t<\/div>\n\t\t<div  data-lazy=\"1\" class=\"module_column tb-column col4-2 last tb_0ac906d tf_box\">\n\t\t\t    \t<\/div>\n\t\t    <\/div>\n\t    <!-- \/row_inner -->\n\t<\/div>\n\t<!-- \/module_row -->\n\t<\/div>\n<!--\/themify_builder_content-->","protected":false},"excerpt":{"rendered":"<p>Alguma ideia, sugest\u00e3o ou d\u00favida? Escreva para mim. [contact-form-7 id=&#8221;9498&#8243; title=&#8221;Novo Form&#8221;]<\/p>\n","protected":false},"author":1,"featured_media":0,"parent":0,"menu_order":0,"comment_status":"closed","ping_status":"closed","template":"","meta":{"om_disable_all_campaigns":false,"_lmt_disableupdate":"","_lmt_disable":"","_monsterinsights_skip_tracking":false,"_monsterinsights_sitenote_active":false,"_monsterinsights_sitenote_note":"","_monsterinsights_sitenote_category":0,"footnotes":""},"class_list":["post-4357","page","type-page","status-publish","hentry","has-post-title","has-post-date","has-post-category","has-post-tag","has-post-comment","has-post-author",""],"yoast_head":"<!-- This site is optimized with the Yoast SEO plugin v25.7 - https:\/\/yoast.com\/wordpress\/plugins\/seo\/ -->\n<title>Contato - Entre Polos<\/title>\n<meta name=\"description\" content=\"Contate-me caso voc\u00ea tenha alguma ideia, sugest\u00e3o ou d\u00favida. Vou adorar poder ajudar.\" \/>\n<meta name=\"robots\" content=\"noindex, follow\" \/>\n<meta property=\"og:locale\" content=\"pt_BR\" \/>\n<meta property=\"og:type\" content=\"article\" \/>\n<meta property=\"og:title\" content=\"Contato - Entre Polos\" \/>\n<meta property=\"og:description\" content=\"Contate-me caso voc\u00ea tenha alguma ideia, sugest\u00e3o ou d\u00favida. Vou adorar poder ajudar.\" \/>\n<meta property=\"og:url\" content=\"https:\/\/foradazonadeconforto.com\/entrepolos\/contato\/\" \/>\n<meta property=\"og:site_name\" content=\"Entre Polos\" \/>\n<meta property=\"article:publisher\" content=\"https:\/\/www.facebook.com\/blogentrepolos\/\" \/>\n<meta property=\"article:modified_time\" content=\"2022-11-26T14:26:27+00:00\" \/>\n<meta name=\"twitter:card\" content=\"summary_large_image\" \/>\n<meta name=\"twitter:site\" content=\"@BlogEntrePolos\" \/>\n<script type=\"application\/ld+json\" class=\"yoast-schema-graph\">{\"@context\":\"https:\/\/schema.org\",\"@graph\":[{\"@type\":\"WebPage\",\"@id\":\"https:\/\/foradazonadeconforto.com\/entrepolos\/contato\/\",\"url\":\"https:\/\/foradazonadeconforto.com\/entrepolos\/contato\/\",\"name\":\"Contato - Entre Polos\",\"isPartOf\":{\"@id\":\"https:\/\/foradazonadeconforto.com\/entrepolos\/#website\"},\"datePublished\":\"2015-10-07T21:38:09+00:00\",\"dateModified\":\"2022-11-26T14:26:27+00:00\",\"description\":\"Contate-me caso voc\u00ea tenha alguma ideia, sugest\u00e3o ou d\u00favida. Vou adorar poder ajudar.\",\"breadcrumb\":{\"@id\":\"https:\/\/foradazonadeconforto.com\/entrepolos\/contato\/#breadcrumb\"},\"inLanguage\":\"pt-BR\",\"potentialAction\":[{\"@type\":\"ReadAction\",\"target\":[\"https:\/\/foradazonadeconforto.com\/entrepolos\/contato\/\"]}]},{\"@type\":\"BreadcrumbList\",\"@id\":\"https:\/\/foradazonadeconforto.com\/entrepolos\/contato\/#breadcrumb\",\"itemListElement\":[{\"@type\":\"ListItem\",\"position\":1,\"name\":\"In\u00edcio\",\"item\":\"https:\/\/foradazonadeconforto.com\/entrepolos\/\"},{\"@type\":\"ListItem\",\"position\":2,\"name\":\"Contato\"}]},{\"@type\":\"WebSite\",\"@id\":\"https:\/\/foradazonadeconforto.com\/entrepolos\/#website\",\"url\":\"https:\/\/foradazonadeconforto.com\/entrepolos\/\",\"name\":\"Entre Polos\",\"description\":\"Inspire-se para viajar mais.\",\"potentialAction\":[{\"@type\":\"SearchAction\",\"target\":{\"@type\":\"EntryPoint\",\"urlTemplate\":\"https:\/\/foradazonadeconforto.com\/entrepolos\/?s={search_term_string}\"},\"query-input\":{\"@type\":\"PropertyValueSpecification\",\"valueRequired\":true,\"valueName\":\"search_term_string\"}}],\"inLanguage\":\"pt-BR\"}]}<\/script>\n<!-- \/ Yoast SEO plugin. -->","yoast_head_json":{"title":"Contato - Entre Polos","description":"Contate-me caso voc\u00ea tenha alguma ideia, sugest\u00e3o ou d\u00favida. Vou adorar poder ajudar.","robots":{"index":"noindex","follow":"follow"},"og_locale":"pt_BR","og_type":"article","og_title":"Contato - Entre Polos","og_description":"Contate-me caso voc\u00ea tenha alguma ideia, sugest\u00e3o ou d\u00favida. Vou adorar poder ajudar.","og_url":"https:\/\/foradazonadeconforto.com\/entrepolos\/contato\/","og_site_name":"Entre Polos","article_publisher":"https:\/\/www.facebook.com\/blogentrepolos\/","article_modified_time":"2022-11-26T14:26:27+00:00","twitter_card":"summary_large_image","twitter_site":"@BlogEntrePolos","schema":{"@context":"https:\/\/schema.org","@graph":[{"@type":"WebPage","@id":"https:\/\/foradazonadeconforto.com\/entrepolos\/contato\/","url":"https:\/\/foradazonadeconforto.com\/entrepolos\/contato\/","name":"Contato - Entre Polos","isPartOf":{"@id":"https:\/\/foradazonadeconforto.com\/entrepolos\/#website"},"datePublished":"2015-10-07T21:38:09+00:00","dateModified":"2022-11-26T14:26:27+00:00","description":"Contate-me caso voc\u00ea tenha alguma ideia, sugest\u00e3o ou d\u00favida. Vou adorar poder ajudar.","breadcrumb":{"@id":"https:\/\/foradazonadeconforto.com\/entrepolos\/contato\/#breadcrumb"},"inLanguage":"pt-BR","potentialAction":[{"@type":"ReadAction","target":["https:\/\/foradazonadeconforto.com\/entrepolos\/contato\/"]}]},{"@type":"BreadcrumbList","@id":"https:\/\/foradazonadeconforto.com\/entrepolos\/contato\/#breadcrumb","itemListElement":[{"@type":"ListItem","position":1,"name":"In\u00edcio","item":"https:\/\/foradazonadeconforto.com\/entrepolos\/"},{"@type":"ListItem","position":2,"name":"Contato"}]},{"@type":"WebSite","@id":"https:\/\/foradazonadeconforto.com\/entrepolos\/#website","url":"https:\/\/foradazonadeconforto.com\/entrepolos\/","name":"Entre Polos","description":"Inspire-se para viajar mais.","potentialAction":[{"@type":"SearchAction","target":{"@type":"EntryPoint","urlTemplate":"https:\/\/foradazonadeconforto.com\/entrepolos\/?s={search_term_string}"},"query-input":{"@type":"PropertyValueSpecification","valueRequired":true,"valueName":"search_term_string"}}],"inLanguage":"pt-BR"}]}},"amp_enabled":true,"builder_content":"\n<h3>Alguma ideia, sugest\u00e3o ou d\u00favida?<\/h3> <h3>Escreva para mim.<\/h3> <p>[contact-form-7 id=\"9498\" title=\"Novo Form\"]<\/p>","_links":{"self":[{"href":"https:\/\/foradazonadeconforto.com\/entrepolos\/wp-json\/wp\/v2\/pages\/4357","targetHints":{"allow":["GET"]}}],"collection":[{"href":"https:\/\/foradazonadeconforto.com\/entrepolos\/wp-json\/wp\/v2\/pages"}],"about":[{"href":"https:\/\/foradazonadeconforto.com\/entrepolos\/wp-json\/wp\/v2\/types\/page"}],"author":[{"embeddable":true,"href":"https:\/\/foradazonadeconforto.com\/entrepolos\/wp-json\/wp\/v2\/users\/1"}],"replies":[{"embeddable":true,"href":"https:\/\/foradazonadeconforto.com\/entrepolos\/wp-json\/wp\/v2\/comments?post=4357"}],"version-history":[{"count":4,"href":"https:\/\/foradazonadeconforto.com\/entrepolos\/wp-json\/wp\/v2\/pages\/4357\/revisions"}],"predecessor-version":[{"id":11718,"href":"https:\/\/foradazonadeconforto.com\/entrepolos\/wp-json\/wp\/v2\/pages\/4357\/revisions\/11718"}],"wp:attachment":[{"href":"https:\/\/foradazonadeconforto.com\/entrepolos\/wp-json\/wp\/v2\/media?parent=4357"}],"curies":[{"name":"wp","href":"https:\/\/api.w.org\/{rel}","templated":true}]}}