{"id":8646,"date":"2019-03-11T18:18:32","date_gmt":"2019-03-11T20:18:32","guid":{"rendered":"https:\/\/entrepolos.com.br\/?page_id=8646"},"modified":"2020-08-11T21:17:22","modified_gmt":"2020-08-11T23:17:22","slug":"politica-de-privacidade","status":"publish","type":"page","link":"https:\/\/foradazonadeconforto.com\/entrepolos\/politica-de-privacidade\/","title":{"rendered":"Pol\u00edtica de Privacidade"},"content":{"rendered":"<h1>Pol\u00edtica de Privacidade<\/h1>\n<p>O Blog Entre Polos usa os seguintes servi\u00e7os e parcerias que funcionam junto com a estrutura da p\u00e1gina. Eventualmente alguns dados podem ser coletados, tanto em formul\u00e1rio, como em banners e elementos de p\u00e1gina para redes sociais ou servi\u00e7os de monetiza\u00e7\u00e3o.<\/p>\n<p>O Blog Entre Polos pode utilizar cookies e\/ou <em>web beacons<\/em> quando um usu\u00e1rio tem acesso \u00e0s p\u00e1ginas. Os <em>cookies<\/em> que podem ser utilizados associam-se (se for o caso) unicamente com o navegador de um determinado computador.<\/p>\n<p>Os cookies que s\u00e3o utilizados neste blog podem ser instalados pelo mesmo, os quais s\u00e3o originados dos distintos servidores operados por este, ou a partir dos servidores de terceiros que prestam servi\u00e7os e instalam cookies e\/ou web beacons (por exemplo, os cookies que s\u00e3o empregados para prover servi\u00e7os de publicidade ou certos conte\u00fados atrav\u00e9s dos quais o usu\u00e1rio visualiza a publicidade ou conte\u00fados em tempo pr\u00e9 determinados).<\/p>\n<p>O usu\u00e1rio poder\u00e1 pesquisar o disco r\u00edgido de seu computador conforme instru\u00e7\u00f5es do pr\u00f3prio navegador.<\/p>\n<p>O usu\u00e1rio tem a possibilidade de configurar seu navegador para ser avisado, na tela do computador, sobre a recep\u00e7\u00e3o dos cookies e para impedir a sua instala\u00e7\u00e3o no disco r\u00edgido. As informa\u00e7\u00f5es pertinentes a esta configura\u00e7\u00e3o est\u00e3o dispon\u00edveis em instru\u00e7\u00f5es e manuais do pr\u00f3prio navegador.<\/p>\n<p>Abaixo est\u00e3o listados outros tipos de dados coletados por servi\u00e7os de terceiros inseridos no Blog:<\/p>\n<p><a href=\"http:\/\/www.google.com.br\/intl\/pt-BR\/privacy.html\" target=\"_blank\" rel=\"noopener noreferrer\">Google<\/a><\/p>\n<p><a href=\"https:\/\/www.booking.com\/content\/privacy.pt-br.html?label=gen173nr-1DCAEoggI46AdIM1gEaCCIAQGYAS24AQfIAQzYAQPoAQGIAgGoAgO4Arr4muQFwAIB;sid=2cd865739b19360acb1fbda84ad5f1f2\" target=\"_blank\" rel=\"noopener noreferrer\">Booking<\/a><\/p>\n<p><a href=\"https:\/\/www.getyourguide.com.br\/privacy_policy?utm_force=0\" target=\"_blank\" rel=\"noopener noreferrer\">GetYourGuide<\/a><\/p>\n<p><a href=\"https:\/\/www.rentcars.com\/pt-br\/info\/cookies\" target=\"_blank\" rel=\"noopener noreferrer\">RentCars<\/a><\/p>\n<p><a href=\"https:\/\/mailchimp.com\/legal\/privacy\/?_ga=2.164239670.845524142.1552333609-1183656080.1526845903\" target=\"_blank\" rel=\"noopener noreferrer\">MailChimp<\/a><\/p>\n<p><a href=\"https:\/\/www.facebook.com\/privacy\/explanation\" target=\"_blank\" rel=\"noopener noreferrer\">Facebook\u00a0<\/a><\/p>\n<p>&nbsp;<\/p>\n<p>&nbsp;<\/p>\n<!--themify_builder_content-->\n<div id=\"themify_builder_content-8646\" data-postid=\"8646\" class=\"themify_builder_content themify_builder_content-8646 themify_builder tf_clear\">\n    <\/div>\n<!--\/themify_builder_content-->\n","protected":false},"excerpt":{"rendered":"<p>Pol\u00edtica de Privacidade O Blog Entre Polos usa os seguintes servi\u00e7os e parcerias que funcionam junto com a estrutura da p\u00e1gina. Eventualmente alguns dados podem ser coletados, tanto em formul\u00e1rio, como em banners e elementos de p\u00e1gina para redes sociais ou servi\u00e7os de monetiza\u00e7\u00e3o. O Blog Entre Polos pode utilizar cookies e\/ou web beacons quando [&hellip;]<\/p>\n","protected":false},"author":1,"featured_media":0,"parent":0,"menu_order":0,"comment_status":"closed","ping_status":"closed","template":"","meta":{"om_disable_all_campaigns":false,"_lmt_disableupdate":"","_lmt_disable":"","_monsterinsights_skip_tracking":false,"_monsterinsights_sitenote_active":false,"_monsterinsights_sitenote_note":"","_monsterinsights_sitenote_category":0,"footnotes":""},"class_list":["post-8646","page","type-page","status-publish","hentry","has-post-title","has-post-date","has-post-category","has-post-tag","has-post-comment","has-post-author",""],"yoast_head":"<!-- This site is optimized with the Yoast SEO plugin v25.7 - https:\/\/yoast.com\/wordpress\/plugins\/seo\/ -->\n<title>Pol\u00edtica de Privacidade - Entre Polos<\/title>\n<meta name=\"robots\" content=\"noindex, follow\" \/>\n<meta property=\"og:locale\" content=\"pt_BR\" \/>\n<meta property=\"og:type\" content=\"article\" \/>\n<meta property=\"og:title\" content=\"Pol\u00edtica de Privacidade - Entre Polos\" \/>\n<meta property=\"og:description\" content=\"Pol\u00edtica de Privacidade O Blog Entre Polos usa os seguintes servi\u00e7os e parcerias que funcionam junto com a estrutura da p\u00e1gina. Eventualmente alguns dados podem ser coletados, tanto em formul\u00e1rio, como em banners e elementos de p\u00e1gina para redes sociais ou servi\u00e7os de monetiza\u00e7\u00e3o. O Blog Entre Polos pode utilizar cookies e\/ou web beacons quando [&hellip;]\" \/>\n<meta property=\"og:url\" content=\"https:\/\/foradazonadeconforto.com\/entrepolos\/politica-de-privacidade\/\" \/>\n<meta property=\"og:site_name\" content=\"Entre Polos\" \/>\n<meta property=\"article:publisher\" content=\"https:\/\/www.facebook.com\/blogentrepolos\/\" \/>\n<meta property=\"article:modified_time\" content=\"2020-08-11T23:17:22+00:00\" \/>\n<meta name=\"twitter:card\" content=\"summary_large_image\" \/>\n<meta name=\"twitter:site\" content=\"@BlogEntrePolos\" \/>\n<meta name=\"twitter:label1\" content=\"Est. tempo de leitura\" \/>\n\t<meta name=\"twitter:data1\" content=\"1 minuto\" \/>\n<script type=\"application\/ld+json\" class=\"yoast-schema-graph\">{\"@context\":\"https:\/\/schema.org\",\"@graph\":[{\"@type\":\"WebPage\",\"@id\":\"https:\/\/foradazonadeconforto.com\/entrepolos\/politica-de-privacidade\/\",\"url\":\"https:\/\/foradazonadeconforto.com\/entrepolos\/politica-de-privacidade\/\",\"name\":\"Pol\u00edtica de Privacidade - Entre Polos\",\"isPartOf\":{\"@id\":\"https:\/\/foradazonadeconforto.com\/entrepolos\/#website\"},\"datePublished\":\"2019-03-11T20:18:32+00:00\",\"dateModified\":\"2020-08-11T23:17:22+00:00\",\"breadcrumb\":{\"@id\":\"https:\/\/foradazonadeconforto.com\/entrepolos\/politica-de-privacidade\/#breadcrumb\"},\"inLanguage\":\"pt-BR\",\"potentialAction\":[{\"@type\":\"ReadAction\",\"target\":[\"https:\/\/foradazonadeconforto.com\/entrepolos\/politica-de-privacidade\/\"]}]},{\"@type\":\"BreadcrumbList\",\"@id\":\"https:\/\/foradazonadeconforto.com\/entrepolos\/politica-de-privacidade\/#breadcrumb\",\"itemListElement\":[{\"@type\":\"ListItem\",\"position\":1,\"name\":\"In\u00edcio\",\"item\":\"https:\/\/foradazonadeconforto.com\/entrepolos\/\"},{\"@type\":\"ListItem\",\"position\":2,\"name\":\"Pol\u00edtica de Privacidade\"}]},{\"@type\":\"WebSite\",\"@id\":\"https:\/\/foradazonadeconforto.com\/entrepolos\/#website\",\"url\":\"https:\/\/foradazonadeconforto.com\/entrepolos\/\",\"name\":\"Entre Polos\",\"description\":\"Inspire-se para viajar mais.\",\"potentialAction\":[{\"@type\":\"SearchAction\",\"target\":{\"@type\":\"EntryPoint\",\"urlTemplate\":\"https:\/\/foradazonadeconforto.com\/entrepolos\/?s={search_term_string}\"},\"query-input\":{\"@type\":\"PropertyValueSpecification\",\"valueRequired\":true,\"valueName\":\"search_term_string\"}}],\"inLanguage\":\"pt-BR\"}]}<\/script>\n<!-- \/ Yoast SEO plugin. -->","yoast_head_json":{"title":"Pol\u00edtica de Privacidade - Entre Polos","robots":{"index":"noindex","follow":"follow"},"og_locale":"pt_BR","og_type":"article","og_title":"Pol\u00edtica de Privacidade - Entre Polos","og_description":"Pol\u00edtica de Privacidade O Blog Entre Polos usa os seguintes servi\u00e7os e parcerias que funcionam junto com a estrutura da p\u00e1gina. Eventualmente alguns dados podem ser coletados, tanto em formul\u00e1rio, como em banners e elementos de p\u00e1gina para redes sociais ou servi\u00e7os de monetiza\u00e7\u00e3o. O Blog Entre Polos pode utilizar cookies e\/ou web beacons quando [&hellip;]","og_url":"https:\/\/foradazonadeconforto.com\/entrepolos\/politica-de-privacidade\/","og_site_name":"Entre Polos","article_publisher":"https:\/\/www.facebook.com\/blogentrepolos\/","article_modified_time":"2020-08-11T23:17:22+00:00","twitter_card":"summary_large_image","twitter_site":"@BlogEntrePolos","twitter_misc":{"Est. tempo de leitura":"1 minuto"},"schema":{"@context":"https:\/\/schema.org","@graph":[{"@type":"WebPage","@id":"https:\/\/foradazonadeconforto.com\/entrepolos\/politica-de-privacidade\/","url":"https:\/\/foradazonadeconforto.com\/entrepolos\/politica-de-privacidade\/","name":"Pol\u00edtica de Privacidade - Entre Polos","isPartOf":{"@id":"https:\/\/foradazonadeconforto.com\/entrepolos\/#website"},"datePublished":"2019-03-11T20:18:32+00:00","dateModified":"2020-08-11T23:17:22+00:00","breadcrumb":{"@id":"https:\/\/foradazonadeconforto.com\/entrepolos\/politica-de-privacidade\/#breadcrumb"},"inLanguage":"pt-BR","potentialAction":[{"@type":"ReadAction","target":["https:\/\/foradazonadeconforto.com\/entrepolos\/politica-de-privacidade\/"]}]},{"@type":"BreadcrumbList","@id":"https:\/\/foradazonadeconforto.com\/entrepolos\/politica-de-privacidade\/#breadcrumb","itemListElement":[{"@type":"ListItem","position":1,"name":"In\u00edcio","item":"https:\/\/foradazonadeconforto.com\/entrepolos\/"},{"@type":"ListItem","position":2,"name":"Pol\u00edtica de Privacidade"}]},{"@type":"WebSite","@id":"https:\/\/foradazonadeconforto.com\/entrepolos\/#website","url":"https:\/\/foradazonadeconforto.com\/entrepolos\/","name":"Entre Polos","description":"Inspire-se para viajar mais.","potentialAction":[{"@type":"SearchAction","target":{"@type":"EntryPoint","urlTemplate":"https:\/\/foradazonadeconforto.com\/entrepolos\/?s={search_term_string}"},"query-input":{"@type":"PropertyValueSpecification","valueRequired":true,"valueName":"search_term_string"}}],"inLanguage":"pt-BR"}]}},"amp_enabled":true,"builder_content":"","_links":{"self":[{"href":"https:\/\/foradazonadeconforto.com\/entrepolos\/wp-json\/wp\/v2\/pages\/8646","targetHints":{"allow":["GET"]}}],"collection":[{"href":"https:\/\/foradazonadeconforto.com\/entrepolos\/wp-json\/wp\/v2\/pages"}],"about":[{"href":"https:\/\/foradazonadeconforto.com\/entrepolos\/wp-json\/wp\/v2\/types\/page"}],"author":[{"embeddable":true,"href":"https:\/\/foradazonadeconforto.com\/entrepolos\/wp-json\/wp\/v2\/users\/1"}],"replies":[{"embeddable":true,"href":"https:\/\/foradazonadeconforto.com\/entrepolos\/wp-json\/wp\/v2\/comments?post=8646"}],"version-history":[{"count":1,"href":"https:\/\/foradazonadeconforto.com\/entrepolos\/wp-json\/wp\/v2\/pages\/8646\/revisions"}],"predecessor-version":[{"id":8648,"href":"https:\/\/foradazonadeconforto.com\/entrepolos\/wp-json\/wp\/v2\/pages\/8646\/revisions\/8648"}],"wp:attachment":[{"href":"https:\/\/foradazonadeconforto.com\/entrepolos\/wp-json\/wp\/v2\/media?parent=8646"}],"curies":[{"name":"wp","href":"https:\/\/api.w.org\/{rel}","templated":true}]}}