{"id":9674,"date":"2020-01-04T18:16:37","date_gmt":"2020-01-04T20:16:37","guid":{"rendered":"https:\/\/entrepolos.com.br\/?page_id=9674"},"modified":"2023-01-05T23:15:37","modified_gmt":"2023-01-06T02:15:37","slug":"planejamento-de-viagem","status":"publish","type":"page","link":"https:\/\/foradazonadeconforto.com\/entrepolos\/planejamento-de-viagem\/","title":{"rendered":"Planejamento de Viagem"},"content":{"rendered":"<p>Aqui voc\u00ea encontra todos os recursos necess\u00e1rios para fazer o um bom planejamento de viagem, exatamente como eu fa\u00e7o para organizar as minhas.<\/p>\n<p>&nbsp;<\/p>\n<!--themify_builder_content-->\n<div id=\"themify_builder_content-9674\" data-postid=\"9674\" class=\"themify_builder_content themify_builder_content-9674 themify_builder tf_clear\">\n    \t<!-- module_row -->\n\t<div  data-lazy=\"1\" class=\"module_row themify_builder_row tb_68nm547 tb_first tf_clearfix\">\n\t    \t\t<div class=\"row_inner col_align_top col-count-1 tf_box tf_w tf_rel\">\n\t\t\t<div  data-lazy=\"1\" class=\"module_column tb-column col-full first tb_26ak548 tf_box\">\n\t\t\t    \t        <div class=\"tb-column-inner tf_box tf_w\">\n\t\t    <!-- module template_part -->\n<div  class=\"module module-layout-part tb_ty9h249 \">\n    <div class=\"tb_layout_part_wrap tf_w\"><!--themify_builder_content-->\n    <div  class=\"themify_builder_content themify_builder_content-8295 themify_builder not_editable_builder in_the_loop\" data-postid=\"8295\">\n        \t<!-- module_row -->\n\t<div  data-lazy=\"1\" class=\"module_row themify_builder_row tb_0c7f3a0 tf_clearfix\">\n\t    \t\t<div class=\"row_inner col_align_top col-count-1 tf_box tf_w tf_rel\">\n\t\t\t<div  data-lazy=\"1\" class=\"module_column tb-column col-full first tb_f9ab2d6 tf_box\">\n\t\t\t    \t        <div class=\"tb-column-inner tf_box tf_w\">\n\t\t    <!-- module text -->\n<div  class=\"module module-text tb_b0e3818  repeat \" data-lazy=\"1\">\n        <div  class=\"tb_text_wrap\">\n    <p style=\"text-align: center;\"><span style=\"font-weight: 400;\">Fazendo reservas usando nossos links de afiliados, voc\u00ea n\u00e3o paga nada a mais por isso e ajuda a manter o blog.\u00a0<\/span><\/p>    <\/div>\n<\/div>\n<!-- \/module text --><!-- module feature -->\n<div  class=\"module module-feature tb_5d6994e with-chart layout-icon-top size-small \" data-lazy=\"1\">\n        <div class=\"module-feature-image tf_textc tf_rel\">\n\t\t\t\t\t\t\t<a href=\"https:\/\/www.booking.com\/index.html?aid=894710\" target=\"_blank\" rel=\"noopener\">\n\t\t\t\t\t<span class=\"module-feature-chart-html5 tf_box tf_rel tf_inline_b\">\n\t\t\t\t\t\t\t<svg class=\"tf_abs tf_w tf_h\">\n\t\t\t\t<circle class=\"tb_feature_fill\" r=\"calc(50% - 1.50px)\" cx=\"50%\" cy=\"50%\" stroke-width=\"3\"\/>\n\t\t\t\t<circle class=\"tb_feature_stroke\" r=\"calc(50% - 1.50px)\" cx=\"50%\" cy=\"50%\" stroke=\"#b35b63\" stroke-width=\"3\" data-progress=\"100\" stroke-dasharray=\"0,10000\"\/>\n\t\t\t\t\t\t\t\t<\/svg>\n\t\t\t\t\t\t\t<span class=\"chart-html5-circle tf_w tf_h\">\n\t\t\t\t\t\t\t\t\t\t\t\t\t\t\t\t\t\t<em class=\"module-feature-icon tf_rel\" style=\"color:#b35b63\"><svg  aria-hidden=\"true\" class=\"tf_fa tf-fas-bed\"><use href=\"#tf-fas-bed\"><\/use><\/svg><\/em>\n\t\t\t\t\t\t\t\t\t\t\t\t\t\t\t<\/span>\n\n\t\t\t\t\n\t\t\t<\/span>\n\t\t\t\t\t\t<\/a>\n\t\t    <\/div>\n    <div class=\"module-feature-content tf_textc\">\n\t\t\t\t\t<h3 class=\"module-feature-title\">\n\t\t\t\t\t\t\t<a href=\"https:\/\/www.booking.com\/index.html?aid=894710\" target=\"_blank\" rel=\"noopener\">Reserve seu Hotel<\/a>\n\t\t\t\t\t\t<\/h3>\n\t\t\t\t\t<div class=\"tb_text_wrap\">\n\t\t\t<p><span style=\"font-weight: 400;\">Encontre o hotel ideal para sua viagem no <a href=\"https:\/\/www.booking.com\/index.html?aid=894710\" target=\"_blank\" rel=\"noopener\">Booking<\/a>. Ele \u00e9 um comparador de pre\u00e7os de hospedagem em todo o mundo. Nele voc\u00ea pode efetuar uma reserva e pagar somente na sua chegada no hotel. Al\u00e9m de ser poss\u00edvel cancelar gratuitamente, caso seus planos mudem (veja a regra de cada hotel).<\/span><\/p>\t\t<\/div>\n    <\/div>\n<\/div>\n<!-- \/module feature -->\n<!-- module feature -->\n<div  class=\"module module-feature tb_695s060 with-chart layout-icon-top size-small \" data-lazy=\"1\">\n        <div class=\"module-feature-image tf_textc tf_rel\">\n\t\t\t\t\t\t\t<a href=\"https:\/\/www.seguroviagem.srv.br\/?agency=542\" target=\"_blank\" rel=\"noopener\">\n\t\t\t\t\t<span class=\"module-feature-chart-html5 tf_box tf_rel tf_inline_b\">\n\t\t\t\t\t\t\t<svg class=\"tf_abs tf_w tf_h\">\n\t\t\t\t<circle class=\"tb_feature_fill\" r=\"calc(50% - 1.50px)\" cx=\"50%\" cy=\"50%\" stroke-width=\"3\"\/>\n\t\t\t\t<circle class=\"tb_feature_stroke\" r=\"calc(50% - 1.50px)\" cx=\"50%\" cy=\"50%\" stroke=\"#b35b63\" stroke-width=\"3\" data-progress=\"100\" stroke-dasharray=\"0,10000\"\/>\n\t\t\t\t\t\t\t\t<\/svg>\n\t\t\t\t\t\t\t<span class=\"chart-html5-circle tf_w tf_h\">\n\t\t\t\t\t\t\t\t\t\t\t\t\t\t\t\t\t\t<em class=\"module-feature-icon tf_rel\" style=\"color:#b35b63\"><svg  aria-hidden=\"true\" class=\"tf_fa tf-fas-medkit\"><use href=\"#tf-fas-medkit\"><\/use><\/svg><\/em>\n\t\t\t\t\t\t\t\t\t\t\t\t\t\t\t<\/span>\n\n\t\t\t\t\n\t\t\t<\/span>\n\t\t\t\t\t\t<\/a>\n\t\t    <\/div>\n    <div class=\"module-feature-content tf_textc\">\n\t\t\t\t\t<h3 class=\"module-feature-title\">\n\t\t\t\t\t\t\t<a href=\"https:\/\/www.seguroviagem.srv.br\/?agency=542\" target=\"_blank\" rel=\"noopener\">Compre Seguro de Viagem<\/a>\n\t\t\t\t\t\t<\/h3>\n\t\t\t\t\t<div class=\"tb_text_wrap\">\n\t\t\t<p style=\"text-align: center;\"><span style=\"font-weight: 400;\">Nunca viaje sem seguro de viagem. Fa\u00e7a sua cota\u00e7\u00e3o na <a href=\"https:\/\/www.seguroviagem.srv.br\/?agency=542\" target=\"_blank\" rel=\"noopener\">Real Seguros<\/a> que apresenta o valor de v\u00e1rias seguradoras para voc\u00ea decidir o melhor para a sua viagem. O pagamento poder\u00e1 ser feito com cart\u00e3o de cr\u00e9dito e parcelado. Um desconto especial para leitores do blog, ser\u00e1 oferecido no momento de finalizar a compra.<\/span><\/p>\t\t<\/div>\n    <\/div>\n<\/div>\n<!-- \/module feature -->\n<!-- module feature -->\n<div  class=\"module module-feature tb_7jy5636 with-chart layout-icon-top size-small \" data-lazy=\"1\">\n        <div class=\"module-feature-image tf_textc tf_rel\">\n\t\t\t\t\t\t\t<a href=\"https:\/\/www.rentcars.com\/?requestorid=371\" target=\"_blank\" rel=\"noopener\">\n\t\t\t\t\t<span class=\"module-feature-chart-html5 tf_box tf_rel tf_inline_b\">\n\t\t\t\t\t\t\t<svg class=\"tf_abs tf_w tf_h\">\n\t\t\t\t<circle class=\"tb_feature_fill\" r=\"calc(50% - 1.50px)\" cx=\"50%\" cy=\"50%\" stroke-width=\"3\"\/>\n\t\t\t\t<circle class=\"tb_feature_stroke\" r=\"calc(50% - 1.50px)\" cx=\"50%\" cy=\"50%\" stroke=\"#b35b63\" stroke-width=\"3\" data-progress=\"100\" stroke-dasharray=\"0,10000\"\/>\n\t\t\t\t\t\t\t\t<\/svg>\n\t\t\t\t\t\t\t<span class=\"chart-html5-circle tf_w tf_h\">\n\t\t\t\t\t\t\t\t\t\t\t\t\t\t\t\t\t\t<em class=\"module-feature-icon tf_rel\" style=\"color:#b35b63\"><svg  aria-hidden=\"true\" class=\"tf_fa tf-fas-car\"><use href=\"#tf-fas-car\"><\/use><\/svg><\/em>\n\t\t\t\t\t\t\t\t\t\t\t\t\t\t\t<\/span>\n\n\t\t\t\t\n\t\t\t<\/span>\n\t\t\t\t\t\t<\/a>\n\t\t    <\/div>\n    <div class=\"module-feature-content tf_textc\">\n\t\t\t\t\t<h3 class=\"module-feature-title\">\n\t\t\t\t\t\t\t<a href=\"https:\/\/www.rentcars.com\/?requestorid=371\" target=\"_blank\" rel=\"noopener\">Alugue um Carro<\/a>\n\t\t\t\t\t\t<\/h3>\n\t\t\t\t\t<div class=\"tb_text_wrap\">\n\t\t\t<p><span style=\"font-weight: 400;\">Quer alugar um carro na sua pr\u00f3xima viagem? N\u00f3s sempre usamos a <a href=\"https:\/\/www.rentcars.com\/?requestorid=371\" target=\"_blank\" rel=\"noopener\">RentCars<\/a>. Eles fazem a compara\u00e7\u00e3o de pre\u00e7os nas melhores locadoras do mundo e voc\u00ea pode escolher aquela que for mais conveniente. O bom \u00e9 que para o caso de viagens internacionais, voc\u00ea paga em reais e economiza o IOF. Al\u00e9m de poder dividir em at\u00e9 12 vezes no cart\u00e3o de cr\u00e9dito.<\/span><\/p>\t\t<\/div>\n    <\/div>\n<\/div>\n<!-- \/module feature -->\n<!-- module feature -->\n<div  class=\"module module-feature tb_vfyl806 with-chart layout-icon-top size-small \" data-lazy=\"1\">\n        <div class=\"module-feature-image tf_textc tf_rel\">\n\t\t\t\t\t\t\t<a href=\"https:\/\/www.getyourguide.com.br\/?utm_force=0&#038;partner_id=IDZA681&#038;utm_medium=online_publisher&#038;placement=other&#038;cmp=Quadro%20de%20afiliados\" target=\"_blank\" rel=\"noopener\">\n\t\t\t\t\t<span class=\"module-feature-chart-html5 tf_box tf_rel tf_inline_b\">\n\t\t\t\t\t\t\t<svg class=\"tf_abs tf_w tf_h\">\n\t\t\t\t<circle class=\"tb_feature_fill\" r=\"calc(50% - 1.50px)\" cx=\"50%\" cy=\"50%\" stroke-width=\"3\"\/>\n\t\t\t\t<circle class=\"tb_feature_stroke\" r=\"calc(50% - 1.50px)\" cx=\"50%\" cy=\"50%\" stroke=\"#b35b63\" stroke-width=\"3\" data-progress=\"100\" stroke-dasharray=\"0,10000\"\/>\n\t\t\t\t\t\t\t\t<\/svg>\n\t\t\t\t\t\t\t<span class=\"chart-html5-circle tf_w tf_h\">\n\t\t\t\t\t\t\t\t\t\t\t\t\t\t\t\t\t\t<em class=\"module-feature-icon tf_rel\" style=\"color:#b35b63\"><svg  aria-hidden=\"true\" class=\"tf_fa tf-ti-ticket\"><use href=\"#tf-ti-ticket\"><\/use><\/svg><\/em>\n\t\t\t\t\t\t\t\t\t\t\t\t\t\t\t<\/span>\n\n\t\t\t\t\n\t\t\t<\/span>\n\t\t\t\t\t\t<\/a>\n\t\t    <\/div>\n    <div class=\"module-feature-content tf_textc\">\n\t\t\t\t\t<h3 class=\"module-feature-title\">\n\t\t\t\t\t\t\t<a href=\"https:\/\/www.getyourguide.com.br\/?utm_force=0&#038;partner_id=IDZA681&#038;utm_medium=online_publisher&#038;placement=other&#038;cmp=Quadro%20de%20afiliados\" target=\"_blank\" rel=\"noopener\">Compre Ingressos e Passeios<\/a>\n\t\t\t\t\t\t<\/h3>\n\t\t\t\t\t<div class=\"tb_text_wrap\">\n\t\t\t<p><span style=\"font-weight: 400;\">A <a href=\"https:\/\/www.getyourguide.com.br\/?utm_force=0&amp;partner_id=IDZA681&amp;utm_medium=online_publisher&amp;placement=other&amp;cmp=Quadro%20de%20afiliados\" target=\"_blank\" rel=\"noopener\">GetYourGuide<\/a> \u00e9 uma empresa especializada na comercializa\u00e7\u00e3o de passeios e ingressos para shows, atra\u00e7\u00f5es e museus. Permite a voc\u00ea reservar tudo antes da viagem e n\u00e3o perder tempo em filas para comprar ingressos.<\/span><\/p>\t\t<\/div>\n    <\/div>\n<\/div>\n<!-- \/module feature -->\n<!-- module feature -->\n<div  class=\"module module-feature tb_2b2s600 with-chart layout-icon-top size-small \" data-layout-mobile=\"icon-top\" data-layout-desktop=\"icon-top\" data-lazy=\"1\">\n        <div class=\"module-feature-image tf_textc tf_rel\">\n\t\t\t\t\t\t\t<a href=\"https:\/\/www.easysim4u.com\/?sourceCode=foradazonadeconforto\" target=\"_blank\" rel=\"noopener\">\n\t\t\t\t\t<span class=\"module-feature-chart-html5 tf_box tf_rel tf_inline_b\">\n\t\t\t\t\t\t\t<svg class=\"tf_abs tf_w tf_h\">\n\t\t\t\t<circle class=\"tb_feature_fill\" r=\"calc(50% - 1.50px)\" cx=\"50%\" cy=\"50%\" stroke-width=\"3\"\/>\n\t\t\t\t<circle class=\"tb_feature_stroke\" r=\"calc(50% - 1.50px)\" cx=\"50%\" cy=\"50%\" stroke=\"#b35b63\" stroke-width=\"3\" data-progress=\"100\" stroke-dasharray=\"0,10000\"\/>\n\t\t\t\t\t\t\t\t<\/svg>\n\t\t\t\t\t\t\t<span class=\"chart-html5-circle tf_w tf_h\">\n\t\t\t\t\t\t\t\t\t\t\t\t\t\t\t\t\t\t<em class=\"module-feature-icon tf_rel\" style=\"color:#b35b63\"><svg  aria-hidden=\"true\" class=\"tf_fa tf-fas-signal\"><use href=\"#tf-fas-signal\"><\/use><\/svg><\/em>\n\t\t\t\t\t\t\t\t\t\t\t\t\t\t\t<\/span>\n\n\t\t\t\t\n\t\t\t<\/span>\n\t\t\t\t\t\t<\/a>\n\t\t    <\/div>\n    <div class=\"module-feature-content tf_textc\">\n\t\t\t\t\t<h3 class=\"module-feature-title\">\n\t\t\t\t\t\t\t<a href=\"https:\/\/www.easysim4u.com\/?sourceCode=foradazonadeconforto\" target=\"_blank\" rel=\"noopener\">Compre Chip Internacional<\/a>\n\t\t\t\t\t\t<\/h3>\n\t\t\t\t\t<div class=\"tb_text_wrap\">\n\t\t\t<p><span style=\"font-weight: 400;\">Viaje com internet o tempo todo. Compre um chip internacional da <a href=\"https:\/\/www.easysim4u.com\/?sourceCode=foradazonadeconforto\" target=\"_blank\" rel=\"noopener\">EasySim4U<\/a> aqui no Brasil e receba em sua casa. \u00a0Assim voc\u00ea j\u00e1 chega no seu destino com o celular funcionando. <\/span><\/p>\t\t<\/div>\n    <\/div>\n<\/div>\n<!-- \/module feature -->\n\t        <\/div>\n\t    \t<\/div>\n\t\t    <\/div>\n\t    <!-- \/row_inner -->\n\t<\/div>\n\t<!-- \/module_row -->\n\t    <\/div>\n<!--\/themify_builder_content--><\/div>\n<\/div>\n<!-- \/module template_part -->\n\t        <\/div>\n\t    \t<\/div>\n\t\t    <\/div>\n\t    <!-- \/row_inner -->\n\t<\/div>\n\t<!-- \/module_row -->\n\t<\/div>\n<!--\/themify_builder_content-->","protected":false},"excerpt":{"rendered":"<p>Aqui voc\u00ea encontra todos os recursos necess\u00e1rios para fazer o um bom planejamento de viagem, exatamente como eu fa\u00e7o para organizar as minhas. &nbsp; Fazendo reservas usando nossos links de afiliados, voc\u00ea n\u00e3o paga nada a mais por isso e ajuda a manter o blog.&nbsp; Reserve seu Hotel Encontre o hotel ideal para sua viagem [&hellip;]<\/p>\n","protected":false},"author":1,"featured_media":0,"parent":0,"menu_order":0,"comment_status":"closed","ping_status":"closed","template":"","meta":{"om_disable_all_campaigns":false,"_lmt_disableupdate":"","_lmt_disable":"","_monsterinsights_skip_tracking":false,"_monsterinsights_sitenote_active":false,"_monsterinsights_sitenote_note":"","_monsterinsights_sitenote_category":0,"footnotes":""},"class_list":["post-9674","page","type-page","status-publish","hentry","has-post-title","has-post-date","has-post-category","has-post-tag","has-post-comment","has-post-author",""],"yoast_head":"<!-- This site is optimized with the Yoast SEO plugin v27.4 - https:\/\/yoast.com\/product\/yoast-seo-wordpress\/ -->\n<title>Planejamento de Viagem - Entre Polos<\/title>\n<meta name=\"robots\" content=\"noindex, follow\" \/>\n<meta property=\"og:locale\" content=\"pt_BR\" \/>\n<meta property=\"og:type\" content=\"article\" \/>\n<meta property=\"og:title\" content=\"Planejamento de Viagem - Entre Polos\" \/>\n<meta property=\"og:description\" content=\"Aqui voc\u00ea encontra todos os recursos necess\u00e1rios para fazer o um bom planejamento de viagem, exatamente como eu fa\u00e7o para organizar as minhas. &nbsp; Fazendo reservas usando nossos links de afiliados, voc\u00ea n\u00e3o paga nada a mais por isso e ajuda a manter o blog.&nbsp; Reserve seu Hotel Encontre o hotel ideal para sua viagem [&hellip;]\" \/>\n<meta property=\"og:url\" content=\"https:\/\/foradazonadeconforto.com\/entrepolos\/planejamento-de-viagem\/\" \/>\n<meta property=\"og:site_name\" content=\"Entre Polos\" \/>\n<meta property=\"article:publisher\" content=\"https:\/\/www.facebook.com\/blogentrepolos\/\" \/>\n<meta property=\"article:modified_time\" content=\"2023-01-06T02:15:37+00:00\" \/>\n<meta name=\"twitter:card\" content=\"summary_large_image\" \/>\n<meta name=\"twitter:site\" content=\"@BlogEntrePolos\" \/>\n<meta name=\"twitter:label1\" content=\"Est. tempo de leitura\" \/>\n\t<meta name=\"twitter:data1\" content=\"2 minutos\" \/>\n<script type=\"application\/ld+json\" class=\"yoast-schema-graph\">{\"@context\":\"https:\\\/\\\/schema.org\",\"@graph\":[{\"@type\":\"WebPage\",\"@id\":\"https:\\\/\\\/foradazonadeconforto.com\\\/entrepolos\\\/planejamento-de-viagem\\\/\",\"url\":\"https:\\\/\\\/foradazonadeconforto.com\\\/entrepolos\\\/planejamento-de-viagem\\\/\",\"name\":\"Planejamento de Viagem - Entre Polos\",\"isPartOf\":{\"@id\":\"https:\\\/\\\/foradazonadeconforto.com\\\/entrepolos\\\/#website\"},\"datePublished\":\"2020-01-04T20:16:37+00:00\",\"dateModified\":\"2023-01-06T02:15:37+00:00\",\"breadcrumb\":{\"@id\":\"https:\\\/\\\/foradazonadeconforto.com\\\/entrepolos\\\/planejamento-de-viagem\\\/#breadcrumb\"},\"inLanguage\":\"pt-BR\",\"potentialAction\":[{\"@type\":\"ReadAction\",\"target\":[\"https:\\\/\\\/foradazonadeconforto.com\\\/entrepolos\\\/planejamento-de-viagem\\\/\"]}]},{\"@type\":\"BreadcrumbList\",\"@id\":\"https:\\\/\\\/foradazonadeconforto.com\\\/entrepolos\\\/planejamento-de-viagem\\\/#breadcrumb\",\"itemListElement\":[{\"@type\":\"ListItem\",\"position\":1,\"name\":\"In\u00edcio\",\"item\":\"https:\\\/\\\/foradazonadeconforto.com\\\/entrepolos\\\/\"},{\"@type\":\"ListItem\",\"position\":2,\"name\":\"Planejamento de Viagem\"}]},{\"@type\":\"WebSite\",\"@id\":\"https:\\\/\\\/foradazonadeconforto.com\\\/entrepolos\\\/#website\",\"url\":\"https:\\\/\\\/foradazonadeconforto.com\\\/entrepolos\\\/\",\"name\":\"Entre Polos\",\"description\":\"Inspire-se para viajar mais.\",\"potentialAction\":[{\"@type\":\"SearchAction\",\"target\":{\"@type\":\"EntryPoint\",\"urlTemplate\":\"https:\\\/\\\/foradazonadeconforto.com\\\/entrepolos\\\/?s={search_term_string}\"},\"query-input\":{\"@type\":\"PropertyValueSpecification\",\"valueRequired\":true,\"valueName\":\"search_term_string\"}}],\"inLanguage\":\"pt-BR\"}]}<\/script>\n<!-- \/ Yoast SEO plugin. -->","yoast_head_json":{"title":"Planejamento de Viagem - Entre Polos","robots":{"index":"noindex","follow":"follow"},"og_locale":"pt_BR","og_type":"article","og_title":"Planejamento de Viagem - Entre Polos","og_description":"Aqui voc\u00ea encontra todos os recursos necess\u00e1rios para fazer o um bom planejamento de viagem, exatamente como eu fa\u00e7o para organizar as minhas. &nbsp; Fazendo reservas usando nossos links de afiliados, voc\u00ea n\u00e3o paga nada a mais por isso e ajuda a manter o blog.&nbsp; Reserve seu Hotel Encontre o hotel ideal para sua viagem [&hellip;]","og_url":"https:\/\/foradazonadeconforto.com\/entrepolos\/planejamento-de-viagem\/","og_site_name":"Entre Polos","article_publisher":"https:\/\/www.facebook.com\/blogentrepolos\/","article_modified_time":"2023-01-06T02:15:37+00:00","twitter_card":"summary_large_image","twitter_site":"@BlogEntrePolos","twitter_misc":{"Est. tempo de leitura":"2 minutos"},"schema":{"@context":"https:\/\/schema.org","@graph":[{"@type":"WebPage","@id":"https:\/\/foradazonadeconforto.com\/entrepolos\/planejamento-de-viagem\/","url":"https:\/\/foradazonadeconforto.com\/entrepolos\/planejamento-de-viagem\/","name":"Planejamento de Viagem - Entre Polos","isPartOf":{"@id":"https:\/\/foradazonadeconforto.com\/entrepolos\/#website"},"datePublished":"2020-01-04T20:16:37+00:00","dateModified":"2023-01-06T02:15:37+00:00","breadcrumb":{"@id":"https:\/\/foradazonadeconforto.com\/entrepolos\/planejamento-de-viagem\/#breadcrumb"},"inLanguage":"pt-BR","potentialAction":[{"@type":"ReadAction","target":["https:\/\/foradazonadeconforto.com\/entrepolos\/planejamento-de-viagem\/"]}]},{"@type":"BreadcrumbList","@id":"https:\/\/foradazonadeconforto.com\/entrepolos\/planejamento-de-viagem\/#breadcrumb","itemListElement":[{"@type":"ListItem","position":1,"name":"In\u00edcio","item":"https:\/\/foradazonadeconforto.com\/entrepolos\/"},{"@type":"ListItem","position":2,"name":"Planejamento de Viagem"}]},{"@type":"WebSite","@id":"https:\/\/foradazonadeconforto.com\/entrepolos\/#website","url":"https:\/\/foradazonadeconforto.com\/entrepolos\/","name":"Entre Polos","description":"Inspire-se para viajar mais.","potentialAction":[{"@type":"SearchAction","target":{"@type":"EntryPoint","urlTemplate":"https:\/\/foradazonadeconforto.com\/entrepolos\/?s={search_term_string}"},"query-input":{"@type":"PropertyValueSpecification","valueRequired":true,"valueName":"search_term_string"}}],"inLanguage":"pt-BR"}]}},"amp_enabled":true,"builder_content":"<p style=\"text-align: center;\">Fazendo reservas usando nossos links de afiliados, voc\u00ea n\u00e3o paga nada a mais por isso e ajuda a manter o blog.\u00a0<\/p> \n <a href=\"https:\/\/www.booking.com\/index.html?aid=894710\" target=\"_blank\" rel=\"noopener\"> <svg> <circle r=\"calc(50% - 1.50px)\" cx=\"50%\" cy=\"50%\" stroke-width=\"3\"\/> <circle r=\"calc(50% - 1.50px)\" cx=\"50%\" cy=\"50%\" stroke=\"#b35b63\" stroke-width=\"3\" data-progress=\"100\" stroke-dasharray=\"0,10000\"\/> <\/svg> <em style=\"color:#b35b63\"><svg aria-hidden=\"true\"><use href=\"#tf-fas-bed\"><\/use><\/svg><\/em> \n <\/a> <h3> <a href=\"https:\/\/www.booking.com\/index.html?aid=894710\" target=\"_blank\" rel=\"noopener\">Reserve seu Hotel<\/a> <\/h3> <p>Encontre o hotel ideal para sua viagem no <a href=\"https:\/\/www.booking.com\/index.html?aid=894710\" target=\"_blank\" rel=\"noopener\">Booking<\/a>. Ele \u00e9 um comparador de pre\u00e7os de hospedagem em todo o mundo. Nele voc\u00ea pode efetuar uma reserva e pagar somente na sua chegada no hotel. Al\u00e9m de ser poss\u00edvel cancelar gratuitamente, caso seus planos mudem (veja a regra de cada hotel).<\/p> \n <a href=\"https:\/\/www.seguroviagem.srv.br\/?agency=542\" target=\"_blank\" rel=\"noopener\"> <svg> <circle r=\"calc(50% - 1.50px)\" cx=\"50%\" cy=\"50%\" stroke-width=\"3\"\/> <circle r=\"calc(50% - 1.50px)\" cx=\"50%\" cy=\"50%\" stroke=\"#b35b63\" stroke-width=\"3\" data-progress=\"100\" stroke-dasharray=\"0,10000\"\/> <\/svg> <em style=\"color:#b35b63\"><svg aria-hidden=\"true\"><use href=\"#tf-fas-medkit\"><\/use><\/svg><\/em> \n <\/a> <h3> <a href=\"https:\/\/www.seguroviagem.srv.br\/?agency=542\" target=\"_blank\" rel=\"noopener\">Compre Seguro de Viagem<\/a> <\/h3> <p style=\"text-align: center;\">Nunca viaje sem seguro de viagem. Fa\u00e7a sua cota\u00e7\u00e3o na <a href=\"https:\/\/www.seguroviagem.srv.br\/?agency=542\" target=\"_blank\" rel=\"noopener\">Real Seguros<\/a> que apresenta o valor de v\u00e1rias seguradoras para voc\u00ea decidir o melhor para a sua viagem. O pagamento poder\u00e1 ser feito com cart\u00e3o de cr\u00e9dito e parcelado. Um desconto especial para leitores do blog, ser\u00e1 oferecido no momento de finalizar a compra.<\/p> \n <a href=\"https:\/\/www.rentcars.com\/?requestorid=371\" target=\"_blank\" rel=\"noopener\"> <svg> <circle r=\"calc(50% - 1.50px)\" cx=\"50%\" cy=\"50%\" stroke-width=\"3\"\/> <circle r=\"calc(50% - 1.50px)\" cx=\"50%\" cy=\"50%\" stroke=\"#b35b63\" stroke-width=\"3\" data-progress=\"100\" stroke-dasharray=\"0,10000\"\/> <\/svg> <em style=\"color:#b35b63\"><svg aria-hidden=\"true\"><use href=\"#tf-fas-car\"><\/use><\/svg><\/em> \n <\/a> <h3> <a href=\"https:\/\/www.rentcars.com\/?requestorid=371\" target=\"_blank\" rel=\"noopener\">Alugue um Carro<\/a> <\/h3> <p>Quer alugar um carro na sua pr\u00f3xima viagem? N\u00f3s sempre usamos a <a href=\"https:\/\/www.rentcars.com\/?requestorid=371\" target=\"_blank\" rel=\"noopener\">RentCars<\/a>. Eles fazem a compara\u00e7\u00e3o de pre\u00e7os nas melhores locadoras do mundo e voc\u00ea pode escolher aquela que for mais conveniente. O bom \u00e9 que para o caso de viagens internacionais, voc\u00ea paga em reais e economiza o IOF. Al\u00e9m de poder dividir em at\u00e9 12 vezes no cart\u00e3o de cr\u00e9dito.<\/p> \n <a href=\"https:\/\/www.getyourguide.com.br\/?utm_force=0&#038;partner_id=IDZA681&#038;utm_medium=online_publisher&#038;placement=other&#038;cmp=Quadro%20de%20afiliados\" target=\"_blank\" rel=\"noopener\"> <svg> <circle r=\"calc(50% - 1.50px)\" cx=\"50%\" cy=\"50%\" stroke-width=\"3\"\/> <circle r=\"calc(50% - 1.50px)\" cx=\"50%\" cy=\"50%\" stroke=\"#b35b63\" stroke-width=\"3\" data-progress=\"100\" stroke-dasharray=\"0,10000\"\/> <\/svg> <em style=\"color:#b35b63\"><svg aria-hidden=\"true\"><use href=\"#tf-ti-ticket\"><\/use><\/svg><\/em> \n <\/a> <h3> <a href=\"https:\/\/www.getyourguide.com.br\/?utm_force=0&#038;partner_id=IDZA681&#038;utm_medium=online_publisher&#038;placement=other&#038;cmp=Quadro%20de%20afiliados\" target=\"_blank\" rel=\"noopener\">Compre Ingressos e Passeios<\/a> <\/h3> <p>A <a href=\"https:\/\/www.getyourguide.com.br\/?utm_force=0&amp;partner_id=IDZA681&amp;utm_medium=online_publisher&amp;placement=other&amp;cmp=Quadro%20de%20afiliados\" target=\"_blank\" rel=\"noopener\">GetYourGuide<\/a> \u00e9 uma empresa especializada na comercializa\u00e7\u00e3o de passeios e ingressos para shows, atra\u00e7\u00f5es e museus. Permite a voc\u00ea reservar tudo antes da viagem e n\u00e3o perder tempo em filas para comprar ingressos.<\/p> \n <a href=\"https:\/\/www.easysim4u.com\/?sourceCode=foradazonadeconforto\" target=\"_blank\" rel=\"noopener\"> <svg> <circle r=\"calc(50% - 1.50px)\" cx=\"50%\" cy=\"50%\" stroke-width=\"3\"\/> <circle r=\"calc(50% - 1.50px)\" cx=\"50%\" cy=\"50%\" stroke=\"#b35b63\" stroke-width=\"3\" data-progress=\"100\" stroke-dasharray=\"0,10000\"\/> <\/svg> <em style=\"color:#b35b63\"><svg aria-hidden=\"true\"><use href=\"#tf-fas-signal\"><\/use><\/svg><\/em> \n <\/a> <h3> <a href=\"https:\/\/www.easysim4u.com\/?sourceCode=foradazonadeconforto\" target=\"_blank\" rel=\"noopener\">Compre Chip Internacional<\/a> <\/h3> <p>Viaje com internet o tempo todo. Compre um chip internacional da <a href=\"https:\/\/www.easysim4u.com\/?sourceCode=foradazonadeconforto\" target=\"_blank\" rel=\"noopener\">EasySim4U<\/a> aqui no Brasil e receba em sua casa. \u00a0Assim voc\u00ea j\u00e1 chega no seu destino com o celular funcionando. <\/p>","_links":{"self":[{"href":"https:\/\/foradazonadeconforto.com\/entrepolos\/wp-json\/wp\/v2\/pages\/9674","targetHints":{"allow":["GET"]}}],"collection":[{"href":"https:\/\/foradazonadeconforto.com\/entrepolos\/wp-json\/wp\/v2\/pages"}],"about":[{"href":"https:\/\/foradazonadeconforto.com\/entrepolos\/wp-json\/wp\/v2\/types\/page"}],"author":[{"embeddable":true,"href":"https:\/\/foradazonadeconforto.com\/entrepolos\/wp-json\/wp\/v2\/users\/1"}],"replies":[{"embeddable":true,"href":"https:\/\/foradazonadeconforto.com\/entrepolos\/wp-json\/wp\/v2\/comments?post=9674"}],"version-history":[{"count":3,"href":"https:\/\/foradazonadeconforto.com\/entrepolos\/wp-json\/wp\/v2\/pages\/9674\/revisions"}],"predecessor-version":[{"id":11735,"href":"https:\/\/foradazonadeconforto.com\/entrepolos\/wp-json\/wp\/v2\/pages\/9674\/revisions\/11735"}],"wp:attachment":[{"href":"https:\/\/foradazonadeconforto.com\/entrepolos\/wp-json\/wp\/v2\/media?parent=9674"}],"curies":[{"name":"wp","href":"https:\/\/api.w.org\/{rel}","templated":true}]}}